{"id":227245,"date":"2022-03-11T11:58:50","date_gmt":"2022-03-11T10:58:50","guid":{"rendered":"https:\/\/acmarketingtrade.com\/chi-siamo\/"},"modified":"2022-07-28T10:04:57","modified_gmt":"2022-07-28T08:04:57","slug":"chi-siamo","status":"publish","type":"page","link":"https:\/\/acmarketingtrade.com\/de\/chi-siamo\/","title":{"rendered":"Chi siamo"},"content":{"rendered":"<p>[et_pb_section fb_built=&#8220;1&#8243; admin_label=&#8220;Chi siamo&#8220; _builder_version=&#8220;4.4.8&#8243; custom_padding=&#8220;||20px||false|false&#8220; hover_enabled=&#8220;0&#8243; collapsed=&#8220;on&#8220;][et_pb_row admin_label=&#8220;Chi siamo&#8220; _builder_version=&#8220;4.4.8&#8243;][et_pb_column type=&#8220;4_4&#8243; _builder_version=&#8220;4.4.8&#8243;][et_pb_text admin_label=&#8220;H2 &#8211; Chi siamo&#8220; _builder_version=&#8220;4.4.8&#8243; text_font=&#8220;Playfair Display||||||||&#8220; text_text_color=&#8220;#333333&#8243; text_line_height=&#8220;67px&#8220; header_2_text_align=&#8220;center&#8220; header_2_font_size=&#8220;50px&#8220; text_orientation=&#8220;center&#8220; hover_enabled=&#8220;0&#8243;]<\/p>\n<h2><em><strong>\u00dcber <span style=\"color: #962f34;\">uns<\/span><\/strong><\/em><\/h2>\n<p>[\/et_pb_text][et_pb_text _builder_version=&#8220;4.4.8&#8243; text_font=&#8220;|300|||||||&#8220; text_font_size=&#8220;20px&#8220; header_font=&#8220;Montserrat|300|||||||&#8220; header_font_size=&#8220;20px&#8220; max_width=&#8220;80%&#8220; module_alignment=&#8220;center&#8220; hover_enabled=&#8220;0&#8243;]<\/p>\n<p style=\"text-align: center;\">Wein ist vor allem unsere Leidenschaft und erst dann unser Beruf.<br \/>Und wenn es Leidenschaft gibt, sieht man den Unterschied.<\/p>\n<p style=\"text-align: center;\">Diese sind unsere Geschichten.<\/p>\n<p>[\/et_pb_text][\/et_pb_column][\/et_pb_row][\/et_pb_section][et_pb_section fb_built=&#8220;1&#8243; admin_label=&#8220;il Team&#8220; _builder_version=&#8220;4.4.8&#8243; custom_padding=&#8220;20px||20px||false|false&#8220; collapsed=&#8220;off&#8220;][et_pb_row admin_label=&#8220;Andrea&#8220; _builder_version=&#8220;4.4.8&#8243; custom_padding=&#8220;||20px||false|false&#8220; collapsed=&#8220;on&#8220;][et_pb_column type=&#8220;4_4&#8243; _builder_version=&#8220;4.4.8&#8243;][et_pb_text admin_label=&#8220;Andrea&#8220; _builder_version=&#8220;4.4.8&#8243; text_font=&#8220;Playfair Display|700|||||||&#8220; text_text_color=&#8220;#333333&#8243; text_font_size=&#8220;50px&#8220; header_font=&#8220;Playfair Display||||||||&#8220; header_text_align=&#8220;left&#8220; header_2_font=&#8220;Playfair Display|700|||||||&#8220; header_2_text_align=&#8220;left&#8220; header_2_text_color=&#8220;#333333&#8243; header_2_font_size=&#8220;50px&#8220; header_text_align_tablet=&#8220;center&#8220; header_text_align_phone=&#8220;center&#8220; header_text_align_last_edited=&#8220;on|desktop&#8220; header_2_text_align_tablet=&#8220;center&#8220; header_2_text_align_phone=&#8220;&#8220; header_2_text_align_last_edited=&#8220;on|phone&#8220; text_orientation_tablet=&#8220;center&#8220; text_orientation_phone=&#8220;&#8220; text_orientation_last_edited=&#8220;on|tablet&#8220;]<\/p>\n<h2><em><strong>Andrea Carpi<\/strong><\/em><\/h2>\n<p>[\/et_pb_text][\/et_pb_column][\/et_pb_row][et_pb_row column_structure=&#8220;2_5,3_5&#8243; admin_label=&#8220;Foto &#8211; Bio&#8220; _builder_version=&#8220;4.4.8&#8243; custom_margin=&#8220;||80px||false|false&#8220; custom_padding=&#8220;20px||||false|false&#8220; collapsed=&#8220;off&#8220;][et_pb_column type=&#8220;2_5&#8243; _builder_version=&#8220;4.4.8&#8243;][et_pb_image src=&#8220;https:\/\/acmarketingtrade.com\/wp-content\/uploads\/2021\/12\/Andrea-Carpi-scaled.jpeg&#8220; title_text=&#8220;Andrea Carpi&#8220; align_tablet=&#8220;center&#8220; align_phone=&#8220;&#8220; align_last_edited=&#8220;on|phone&#8220; _builder_version=&#8220;4.4.8&#8243; background_enable_image=&#8220;off&#8220; min_height=&#8220;500px&#8220; min_height_tablet=&#8220;500px&#8220; min_height_phone=&#8220;&#8220; min_height_last_edited=&#8220;on|phone&#8220; max_height=&#8220;500px&#8220; custom_padding=&#8220;||||false|false&#8220;][\/et_pb_image][\/et_pb_column][et_pb_column type=&#8220;3_5&#8243; _builder_version=&#8220;4.4.8&#8243;][et_pb_text admin_label=&#8220;Bio&#8220; _builder_version=&#8220;4.4.8&#8243; text_font=&#8220;Montserrat|300|||||||&#8220; text_font_size=&#8220;20px&#8220; text_line_height=&#8220;30px&#8220; header_font=&#8220;Montserrat||||||||&#8220; header_font_size=&#8220;20px&#8220; hover_enabled=&#8220;0&#8243;]<\/p>\n<p>&#8222;Ich habe den Wein nicht ausgesucht, der Wein hat mich ausgesucht.&#8220;<\/p>\n<p>Mein Leben in Zahlen: Millionen von Kilometern im Auto, tausende von Fl\u00fcgen, unz\u00e4hlige Kunden und Freunde in Italien und auf der ganzen Welt.<\/p>\n<p>Die Basis meiner Karriere und meine Leidenschaft f\u00fcr Wein begannen, mit einem Abschluss in Wirtschaftswissenschaften und einer Doktorarbeit \u00fcber Weinbau. Es folgten das AIS-Sommelier Diplom, ein MBA in Weinwirtschaft und eine langj\u00e4hrige Berufserfahrung in der Vertriebsleitung und Generaldirektion angesehener Weing\u00fcter und Start-up Kellereien.<\/p>\n<p>Um meinen Traum zu kr\u00f6nen habe ich AC Marketing gegr\u00fcndet, mit dem Wunsch jeden Tag zu wachsen, dank eines Teams von Fachleuten und soliden Beziehungen in der Branche, die im Laufe der Jahre aufgebaut wurden.<\/p>\n<p>[\/et_pb_text][\/et_pb_column][\/et_pb_row][et_pb_row admin_label=&#8220;Sara&#8220; _builder_version=&#8220;4.4.8&#8243; custom_padding=&#8220;||20px||false|false&#8220; collapsed=&#8220;on&#8220;][et_pb_column type=&#8220;4_4&#8243; _builder_version=&#8220;4.4.8&#8243;][et_pb_text admin_label=&#8220;Sara&#8220; _builder_version=&#8220;4.4.8&#8243; text_font=&#8220;Playfair Display|700|||||||&#8220; text_text_color=&#8220;#333333&#8243; text_font_size=&#8220;50px&#8220; header_font=&#8220;Playfair Display||||||||&#8220; header_2_font=&#8220;Playfair Display|700|||||||&#8220; header_2_text_align=&#8220;left&#8220; header_2_text_color=&#8220;#333333&#8243; header_2_font_size=&#8220;50px&#8220; header_2_text_align_tablet=&#8220;center&#8220; header_2_text_align_phone=&#8220;&#8220; header_2_text_align_last_edited=&#8220;on|phone&#8220;]<\/p>\n<h2><em><strong>Sara Roder<\/strong><\/em><\/h2>\n<p>[\/et_pb_text][\/et_pb_column][\/et_pb_row][et_pb_row column_structure=&#8220;2_5,3_5&#8243; admin_label=&#8220;Foto &#8211; Bio&#8220; _builder_version=&#8220;4.4.8&#8243; custom_margin=&#8220;||80px||false|false&#8220; custom_padding=&#8220;20px||||false|false&#8220; collapsed=&#8220;off&#8220;][et_pb_column type=&#8220;2_5&#8243; _builder_version=&#8220;4.4.8&#8243;][et_pb_image src=&#8220;https:\/\/acmarketingtrade.com\/wp-content\/uploads\/2021\/12\/Sara-1-scaled.jpeg&#8220; title_text=&#8220;Sara&#8220; align_tablet=&#8220;center&#8220; align_phone=&#8220;&#8220; align_last_edited=&#8220;on|phone&#8220; _builder_version=&#8220;4.4.8&#8243; background_enable_image=&#8220;off&#8220; min_height=&#8220;500px&#8220; min_height_tablet=&#8220;500px&#8220; min_height_phone=&#8220;&#8220; min_height_last_edited=&#8220;on|phone&#8220; max_height=&#8220;500px&#8220; custom_padding=&#8220;||||false|false&#8220;][\/et_pb_image][\/et_pb_column][et_pb_column type=&#8220;3_5&#8243; _builder_version=&#8220;4.4.8&#8243;][et_pb_text admin_label=&#8220;Bio&#8220; _builder_version=&#8220;4.4.8&#8243; text_font=&#8220;Montserrat|300|||||||&#8220; text_font_size=&#8220;20px&#8220; text_line_height=&#8220;30px&#8220; header_font=&#8220;Montserrat||||||||&#8220; header_font_size=&#8220;20px&#8220; hover_enabled=&#8220;0&#8243;]<\/p>\n<p>Man sagt, dass ich Superkr\u00e4fte habe, aber ich glaube, es ist nur Leidenschaft f\u00fcr das, was ich mache.<\/p>\n<p>Ich bin Direktionsassistent in Ac Marketing und unterst\u00fctze Andrea Carpi, sowohl organisatorisch als auch exekutiv mit den Kellereien bei der Entwicklung der Projekte sowie der Marketingstrategien auf den deutschsprachigen, kanadischen und russischen M\u00e4rkten.<\/p>\n<p>In meinem Leben war Wein durch die Arbeit von meinem Gro\u00dfvater im Weinbau und von meinem Vater in einem Unternehmen, das in Weingesch\u00e4ft t\u00e4tig war, st\u00e4ndig anwesend.<\/p>\n<p>Nach einem Fremdsprachenstudium, Au\u00dfenhandelserfahrung und dem Sommelier-Abschluss verwandelte ich eine Familientradition in meine Arbeit.<\/p>\n<p>[\/et_pb_text][\/et_pb_column][\/et_pb_row][et_pb_row admin_label=&#8220;Carlo&#8220; _builder_version=&#8220;4.4.8&#8243; custom_margin=&#8220;||||false|false&#8220; custom_padding=&#8220;||20px||false|false&#8220; collapsed=&#8220;on&#8220;][et_pb_column type=&#8220;4_4&#8243; _builder_version=&#8220;4.4.8&#8243;][et_pb_text admin_label=&#8220;Carlo&#8220; _builder_version=&#8220;4.4.8&#8243; text_font=&#8220;Playfair Display|700|||||||&#8220; text_text_color=&#8220;#333333&#8243; text_font_size=&#8220;50px&#8220; header_font=&#8220;Playfair Display||||||||&#8220; header_2_font=&#8220;Playfair Display|700|||||||&#8220; header_2_text_align=&#8220;left&#8220; header_2_text_color=&#8220;#333333&#8243; header_2_font_size=&#8220;50px&#8220; header_2_text_align_tablet=&#8220;center&#8220; header_2_text_align_phone=&#8220;center&#8220; header_2_text_align_last_edited=&#8220;on|phone&#8220;]<\/p>\n<h2><em><strong>Carlo Pagnin<\/strong><\/em><\/h2>\n<p>[\/et_pb_text][\/et_pb_column][\/et_pb_row][et_pb_row column_structure=&#8220;2_5,3_5&#8243; admin_label=&#8220;Foto &#8211; Bio&#8220; _builder_version=&#8220;4.4.8&#8243; custom_margin=&#8220;||80px||false|false&#8220; custom_padding=&#8220;20px||||false|false&#8220; collapsed=&#8220;off&#8220;][et_pb_column type=&#8220;2_5&#8243; _builder_version=&#8220;4.4.8&#8243;][et_pb_image src=&#8220;https:\/\/acmarketingtrade.com\/wp-content\/uploads\/2021\/12\/Carlo-1-scaled.jpeg&#8220; title_text=&#8220;Carlo&#8220; align_tablet=&#8220;center&#8220; align_phone=&#8220;&#8220; align_last_edited=&#8220;on|phone&#8220; _builder_version=&#8220;4.4.8&#8243; background_enable_image=&#8220;off&#8220; min_height=&#8220;500px&#8220; min_height_tablet=&#8220;500px&#8220; min_height_phone=&#8220;&#8220; min_height_last_edited=&#8220;on|tablet&#8220; max_height=&#8220;500px&#8220; custom_padding=&#8220;||||false|false&#8220;][\/et_pb_image][\/et_pb_column][et_pb_column type=&#8220;3_5&#8243; _builder_version=&#8220;4.4.8&#8243;][et_pb_text admin_label=&#8220;Bio&#8220; _builder_version=&#8220;4.4.8&#8243; text_font=&#8220;Montserrat|300|||||||&#8220; text_font_size=&#8220;20px&#8220; text_line_height=&#8220;30px&#8220; header_font=&#8220;Montserrat||||||||&#8220; header_font_size=&#8220;20px&#8220; hover_enabled=&#8220;0&#8243;]<\/p>\n<p>Die Welt war immer mein zweites Zuhause.<\/p>\n<p>Meine erste gro\u00dfe Erfahrung war in London, nachdem ich meinen Abschluss in Wirtschaft und Marketing in Bologna gemacht hatte.<\/p>\n<p>Ich bin viel gereist.<\/p>\n<p>Heute bin ich in AC Marketing f\u00fcr Export in die USA, nach Europa und nach Asien zust\u00e4ndig. Ich entwickle und teile die besten Strategien mit den Importeuren und unterst\u00fctze sie bei allem, was sie brauchen.<\/p>\n<p>Ich nehme an Portfolio-Tasting teil und besuche laufend in Zusammenarbeit mit den Partnern M\u00e4rkte.<\/p>\n<p>Ich bin auch f\u00fcr die Herstellung dauerhafter Kooperationen mit neuen Importkunden verantwortlich, je nach Positionierungseigenschaften der einzelnen Kellereien.<\/p>\n<p>Der Sommelier-Abschluss vervollst\u00e4ndigt mein Profil.<\/p>\n<p>[\/et_pb_text][\/et_pb_column][\/et_pb_row][et_pb_row admin_label=&#8220;Paola&#8220; _builder_version=&#8220;4.4.8&#8243; custom_padding=&#8220;||20px||false|false&#8220; collapsed=&#8220;on&#8220;][et_pb_column type=&#8220;4_4&#8243; _builder_version=&#8220;4.4.8&#8243;][et_pb_text admin_label=&#8220;Paola&#8220; _builder_version=&#8220;4.4.8&#8243; text_font=&#8220;Playfair Display|700|||||||&#8220; text_text_color=&#8220;#333333&#8243; text_font_size=&#8220;50px&#8220; header_font=&#8220;Playfair Display||||||||&#8220; header_2_font=&#8220;Playfair Display|700|||||||&#8220; header_2_text_align=&#8220;left&#8220; header_2_text_color=&#8220;#333333&#8243; header_2_font_size=&#8220;50px&#8220; header_2_text_align_tablet=&#8220;center&#8220; header_2_text_align_phone=&#8220;&#8220; header_2_text_align_last_edited=&#8220;on|phone&#8220;]<\/p>\n<h2><em><strong>Paola Biscaro<\/strong><\/em><\/h2>\n<p>[\/et_pb_text][\/et_pb_column][\/et_pb_row][et_pb_row column_structure=&#8220;2_5,3_5&#8243; admin_label=&#8220;Foto &#8211; Bio&#8220; _builder_version=&#8220;4.4.8&#8243; custom_margin=&#8220;||0px||false|false&#8220; custom_padding=&#8220;20px||||false|false&#8220; collapsed=&#8220;off&#8220;][et_pb_column type=&#8220;2_5&#8243; _builder_version=&#8220;4.4.8&#8243;][et_pb_image src=&#8220;https:\/\/acmarketingtrade.com\/wp-content\/uploads\/2021\/12\/Paola-scaled.jpeg&#8220; title_text=&#8220;Paola&#8220; align_tablet=&#8220;center&#8220; align_phone=&#8220;&#8220; align_last_edited=&#8220;on|phone&#8220; _builder_version=&#8220;4.4.8&#8243; background_enable_image=&#8220;off&#8220; min_height=&#8220;500px&#8220; min_height_tablet=&#8220;500px&#8220; min_height_phone=&#8220;&#8220; min_height_last_edited=&#8220;on|tablet&#8220; max_height=&#8220;500px&#8220; custom_padding=&#8220;||||false|false&#8220;][\/et_pb_image][\/et_pb_column][et_pb_column type=&#8220;3_5&#8243; _builder_version=&#8220;4.4.8&#8243;][et_pb_text admin_label=&#8220;Bio&#8220; _builder_version=&#8220;4.4.8&#8243; text_font=&#8220;Montserrat|300|||||||&#8220; text_font_size=&#8220;20px&#8220; text_line_height=&#8220;30px&#8220; header_font=&#8220;Montserrat||||||||&#8220; header_font_size=&#8220;20px&#8220; hover_enabled=&#8220;0&#8243;]<\/p>\n<p>Verwaltungsangestellte, mit gro\u00dfer Leidenschaft f\u00fcr Wein.<\/p>\n<p>F\u00fcr mich ist die Arbeit bei AC Marketing die Kr\u00f6nung eines Traums.<\/p>\n<p>Ich bin ein guter Mensch, der die Details genau analysiert, zuverl\u00e4ssig und pr\u00e4zise. Ich finde die Teamarbeit sehr anregend und m\u00f6chte dazu beitragen, dass die Arbeitsumgebung angenehm ist.<\/p>\n<p>Ich leite die Verwaltung, die Bearbeitung der Vertr\u00e4ge und die Organisation der Messen. Au\u00dferdem unterst\u00fctze ich meine Kollegen in der Gesch\u00e4ftst\u00e4tigkeit und bin f\u00fcr den italienischen Markt zust\u00e4ndig.<\/p>\n<p>Der Anspruch ist nat\u00fcrlich nicht stehen zu bleiben, sondern zu wachsen und versuchen, immer das Beste zu geben.<\/p>\n<p>[\/et_pb_text][\/et_pb_column][\/et_pb_row][\/et_pb_section][et_pb_section fb_built=&#8220;1&#8243; _builder_version=&#8220;4.4.8&#8243; custom_padding=&#8220;20px||20px||false|false&#8220; collapsed=&#8220;off&#8220;][et_pb_row column_structure=&#8220;1_2,1_2&#8243; admin_label=&#8220;Contattaci &#8211; global&#8220; _builder_version=&#8220;4.4.8&#8243; collapsed=&#8220;off&#8220;][et_pb_column type=&#8220;1_2&#8243; _builder_version=&#8220;4.4.8&#8243;][et_pb_image title_text=&#8220;Italia_ilvaloredelladifferenziazione&#8220; align=&#8220;center&#8220; _builder_version=&#8220;4.4.8&#8243; background_image=&#8220;https:\/\/acmarketingtrade.com\/wp-content\/uploads\/2021\/12\/Italia_ilvaloredelladifferenziazione-1-scaled.jpeg&#8220; custom_padding=&#8220;||70%||false|false&#8220;][\/et_pb_image][\/et_pb_column][et_pb_column type=&#8220;1_2&#8243; _builder_version=&#8220;4.4.8&#8243;][et_pb_text admin_label=&#8220;H2 &#8211; La nostra mission&#8220; _builder_version=&#8220;4.4.8&#8243; text_font=&#8220;Playfair Display||||||||&#8220; text_text_color=&#8220;#333333&#8243; text_line_height=&#8220;67px&#8220; header_text_align=&#8220;left&#8220; header_2_text_align=&#8220;left&#8220; header_2_font_size=&#8220;50px&#8220; text_orientation=&#8220;center&#8220; hover_enabled=&#8220;0&#8243; header_2_text_align_tablet=&#8220;center&#8220; header_2_text_align_phone=&#8220;&#8220; header_2_text_align_last_edited=&#8220;on|phone&#8220;]<\/p>\n<h2 style=\"text-align: left;\"><em><strong>Erz\u00e4hlen Sie uns von <span style=\"color: #962f34;\">Ihrem Projekt<\/span><\/strong><\/em><\/h2>\n<p>[\/et_pb_text][et_pb_text _builder_version=&#8220;4.4.8&#8243; text_font=&#8220;Montserrat|300|||||||&#8220; text_text_color=&#8220;#333333&#8243; text_font_size=&#8220;20px&#8220; text_line_height=&#8220;30px&#8220; hover_enabled=&#8220;0&#8243; text_orientation_tablet=&#8220;center&#8220; text_orientation_phone=&#8220;&#8220; text_orientation_last_edited=&#8220;on|phone&#8220;]<\/p>\n<p>Entdecken wir gemeinsam, wie es umgesetzt werden kann.<br \/>Wein ist unsere Leidenschaft. Wir lieben Herausforderungen und keine Sprachbarriere stellt sich uns in den Weg.<\/p>\n<p>[\/et_pb_text][et_pb_cta button_url=&#8220;@ET-DC@eyJkeW5hbWljIjp0cnVlLCJjb250ZW50IjoicG9zdF9saW5rX3VybF9wYWdlIiwic2V0dGluZ3MiOnsicG9zdF9pZCI6IjIyNjA1OSJ9fQ==@&#8220; button_text=&#8220;KONTAKTIEREN SIE UNS &#8220; _builder_version=&#8220;4.4.8&#8243; _dynamic_attributes=&#8220;button_url&#8220; background_color=&#8220;rgba(0,0,0,0)&#8220; custom_button=&#8220;on&#8220; button_text_color=&#8220;#943036&#8243; button_bg_color=&#8220;#F6F6F6&#8243; button_border_width=&#8220;0px&#8220; button_border_radius=&#8220;0px&#8220; button_letter_spacing=&#8220;4px&#8220; button_font=&#8220;Montserrat|600|||||||&#8220; button_use_icon=&#8220;off&#8220; button_alignment=&#8220;left&#8220; button_custom_padding=&#8220;13px|56px|13px|56px|true|true&#8220; custom_margin=&#8220;0px||||false|false&#8220; custom_padding=&#8220;0px|0px|0px|0px|false|false&#8220; hover_enabled=&#8220;0&#8243; button_text_color_last_edited=&#8220;off|desktop&#8220; button_alignment_tablet=&#8220;center&#8220; button_alignment_phone=&#8220;&#8220; button_alignment_last_edited=&#8220;on|phone&#8220; button_text_color__hover_enabled=&#8220;on|hover&#8220; button_text_color__hover=&#8220;#ffffff&#8220; button_bg_color__hover_enabled=&#8220;on|hover&#8220; button_bg_color__hover=&#8220;#943036&#8243; button_bg_enable_color__hover=&#8220;on&#8220;][\/et_pb_cta][\/et_pb_column][\/et_pb_row][\/et_pb_section]<\/p>\n","protected":false},"excerpt":{"rendered":"<p>\u00dcber uns Wein ist vor allem unsere Leidenschaft und erst dann unser Beruf.Und wenn es Leidenschaft gibt, sieht man den Unterschied. Diese sind unsere Geschichten. Andrea Carpi&#8220;Ich habe den Wein nicht ausgesucht, der Wein hat mich ausgesucht.&#8220; Mein Leben in Zahlen: Millionen von Kilometern im Auto, tausende von Fl\u00fcgen, unz\u00e4hlige Kunden und Freunde in Italien [&hellip;]<\/p>\n","protected":false},"author":2,"featured_media":0,"parent":0,"menu_order":0,"comment_status":"closed","ping_status":"closed","template":"","meta":{"_et_pb_use_builder":"on","_et_pb_old_content":"","_et_gb_content_width":"","footnotes":""},"class_list":["post-227245","page","type-page","status-publish","hentry"],"_links":{"self":[{"href":"https:\/\/acmarketingtrade.com\/de\/wp-json\/wp\/v2\/pages\/227245","targetHints":{"allow":["GET"]}}],"collection":[{"href":"https:\/\/acmarketingtrade.com\/de\/wp-json\/wp\/v2\/pages"}],"about":[{"href":"https:\/\/acmarketingtrade.com\/de\/wp-json\/wp\/v2\/types\/page"}],"author":[{"embeddable":true,"href":"https:\/\/acmarketingtrade.com\/de\/wp-json\/wp\/v2\/users\/2"}],"replies":[{"embeddable":true,"href":"https:\/\/acmarketingtrade.com\/de\/wp-json\/wp\/v2\/comments?post=227245"}],"version-history":[{"count":0,"href":"https:\/\/acmarketingtrade.com\/de\/wp-json\/wp\/v2\/pages\/227245\/revisions"}],"wp:attachment":[{"href":"https:\/\/acmarketingtrade.com\/de\/wp-json\/wp\/v2\/media?parent=227245"}],"curies":[{"name":"wp","href":"https:\/\/api.w.org\/{rel}","templated":true}]}}