{"id":227341,"date":"2022-03-15T12:25:27","date_gmt":"2022-03-15T11:25:27","guid":{"rendered":"https:\/\/acmarketingtrade.com\/per-estero\/"},"modified":"2022-07-28T15:59:41","modified_gmt":"2022-07-28T13:59:41","slug":"per-estero","status":"publish","type":"page","link":"https:\/\/acmarketingtrade.com\/de\/per-estero\/","title":{"rendered":"Per Partner"},"content":{"rendered":"<p>[et_pb_section fb_built=&#8220;1&#8243; admin_label=&#8220;Promuoviamo&#8220; _builder_version=&#8220;4.4.8&#8243; custom_padding=&#8220;||20px||false|false&#8220; collapsed=&#8220;on&#8220;][et_pb_row _builder_version=&#8220;4.4.8&#8243; collapsed=&#8220;off&#8220;][et_pb_column type=&#8220;4_4&#8243; _builder_version=&#8220;4.4.8&#8243;][et_pb_text admin_label=&#8220;H2 &#8211; Opportunit\u00e0&#8220; _builder_version=&#8220;4.4.8&#8243; text_font=&#8220;Playfair Display||||||||&#8220; text_text_color=&#8220;#333333&#8243; text_line_height=&#8220;67px&#8220; header_line_height=&#8220;30px&#8220; header_2_text_align=&#8220;center&#8220; header_2_font_size=&#8220;50px&#8220; header_2_line_height=&#8220;67px&#8220; text_orientation=&#8220;center&#8220;]<\/p>\n<h2><em><strong>Wir f\u00f6rdern italienischen Wein<br \/><span style=\"color: #962f34;\">mit hohem Potential<\/span><\/strong><\/em><\/h2>\n<p>[\/et_pb_text][\/et_pb_column][\/et_pb_row][et_pb_row column_structure=&#8220;2_5,3_5&#8243; _builder_version=&#8220;4.4.8&#8243; max_width=&#8220;1280px&#8220; collapsed=&#8220;off&#8220;][et_pb_column type=&#8220;2_5&#8243; _builder_version=&#8220;4.4.8&#8243; custom_padding=&#8220;0px|20px|20px|20px|false|true&#8220;][et_pb_text _builder_version=&#8220;4.4.8&#8243; text_font=&#8220;Montserrat|300|||||||&#8220; text_font_size=&#8220;20px&#8220; header_font=&#8220;Montserrat|300|||||||&#8220; header_font_size=&#8220;20px&#8220; custom_padding=&#8220;25px|25px|25px|25px|true|true&#8220; box_shadow_style=&#8220;preset1&#8243;]<\/p>\n<p class=\"p1\">AC Marketing hilft Fachh\u00e4ndlern, Gro\u00dfh\u00e4ndlern und Importeuren weltweit, profitable Gesch\u00e4ftsbeziehungen zu italienischen Weinbaubetrieben mit hohem Potenzial<\/p>\n<p>[\/et_pb_text][\/et_pb_column][et_pb_column type=&#8220;3_5&#8243; _builder_version=&#8220;4.4.8&#8243;][et_pb_text disabled_on=&#8220;on|on|on&#8220; _builder_version=&#8220;4.4.8&#8243; text_font=&#8220;Montserrat|300|||||||&#8220; text_font_size=&#8220;20px&#8220; header_font=&#8220;Montserrat|300|||||||&#8220; header_font_size=&#8220;20px&#8220; disabled=&#8220;on&#8220;]<\/p>\n<p class=\"p1\">In Italia ci sono circa 310.000 aziende vitivinicole. Quelle \u201cad alto potenziale\u201d possiedono elevati valori inespressi sui mercati esteri. L\u2019obiettivo di AC Marketing \u00e8 di aiutare le aziende a comunicare in modo vincente il territorio, le loro radici e i loro valori. Per questo ogni anno ascoltiamo decine di storie, assaggiamo centinaia di vini, scopriamo peculiarit\u00e0 uniche di diverse zone d\u2019Italia. Solo cos\u00ec possiamo aiutarti ad attivare relazioni commerciali profittevoli e di lungo periodo con le cantine italiane ad alto potenziale.<\/p>\n<p>[\/et_pb_text][et_pb_text admin_label=&#8220;H2 &#8211; Dna cantine alto potenziale&#8220; _builder_version=&#8220;4.4.8&#8243; text_font=&#8220;Playfair Display||||||||&#8220; text_text_color=&#8220;#333333&#8243; text_line_height=&#8220;67px&#8220; header_2_text_align=&#8220;left&#8220; header_2_font_size=&#8220;50px&#8220; header_3_text_align=&#8220;left&#8220; header_3_font_size=&#8220;40px&#8220; text_orientation=&#8220;center&#8220; custom_padding=&#8220;|||30px|false|false&#8220; header_3_text_align_tablet=&#8220;center&#8220; header_3_text_align_phone=&#8220;&#8220; header_3_text_align_last_edited=&#8220;on|tablet&#8220;]<\/p>\n<h3><em><strong>Die DNA der Weinkellereien <\/strong><\/em><\/h3>\n<h3><em><strong><span style=\"color: #962f34;\">mit hohem Potential<\/span><\/strong><\/em><\/h3>\n<p>[\/et_pb_text][et_pb_blurb title=&#8220;MARKETING MIX&#8220; icon_placement=&#8220;left&#8220; _builder_version=&#8220;4.4.8&#8243; header_font=&#8220;Montserrat|300|||||||&#8220; header_text_align=&#8220;left&#8220; header_text_color=&#8220;#943036&#8243; header_font_size=&#8220;20px&#8220; header_line_height=&#8220;30px&#8220; body_font=&#8220;Montserrat|300|||||||&#8220; body_font_size=&#8220;20px&#8220;]<\/p>\n<p>Sie geben sich nicht damit zufrieden, eine Geschichte zu haben, sondern finden auch den besten Weg, sie mit Hilfe der Elemente des Marketing-Mix zu erz\u00e4hlen<\/p>\n<p>[\/et_pb_blurb][et_pb_blurb title=&#8220;EINZIGARTIGKEIT&#8220; icon_placement=&#8220;left&#8220; _builder_version=&#8220;4.4.8&#8243; header_font=&#8220;Montserrat|300|||||||&#8220; header_text_align=&#8220;left&#8220; header_text_color=&#8220;#943036&#8243; header_font_size=&#8220;20px&#8220; header_line_height=&#8220;30px&#8220; body_font=&#8220;Montserrat|300|||||||&#8220; body_font_size=&#8220;20px&#8220;]<\/p>\n<p>Sie heben die Besonderheiten hervor, die ihre Weine und Bezeichnungen einzigartig machen<\/p>\n<p>[\/et_pb_blurb][et_pb_blurb title=&#8220;VERTRAUEN&#8220; icon_placement=&#8220;left&#8220; _builder_version=&#8220;4.4.8&#8243; header_font=&#8220;Montserrat|300|||||||&#8220; header_text_align=&#8220;left&#8220; header_text_color=&#8220;#943036&#8243; header_font_size=&#8220;20px&#8220; header_line_height=&#8220;30px&#8220; body_font=&#8220;Montserrat|300|||||||&#8220; body_font_size=&#8220;20px&#8220;]<\/p>\n<p>Sie pflegen langfristige Beziehungen zu ausgew\u00e4hlten Fachgro\u00dfh\u00e4ndlern und Importeuren, um strategische Partnerschaften zur Entwicklung ihrer jeweiligen M\u00e4rkte einzugehen<\/p>\n<p>[\/et_pb_blurb][\/et_pb_column][\/et_pb_row][\/et_pb_section][et_pb_section fb_built=&#8220;1&#8243; admin_label=&#8220;Intermediazione&#8220; _builder_version=&#8220;4.4.8&#8243; custom_padding=&#8220;20px||20px||false|false&#8220; collapsed=&#8220;off&#8220;][et_pb_row _builder_version=&#8220;4.4.8&#8243; collapsed=&#8220;off&#8220;][et_pb_column type=&#8220;4_4&#8243; _builder_version=&#8220;4.4.8&#8243;][et_pb_text admin_label=&#8220;H2 &#8211; Intermediazione&#8220; _builder_version=&#8220;4.4.8&#8243; text_font=&#8220;Playfair Display||||||||&#8220; text_text_color=&#8220;#333333&#8243; text_line_height=&#8220;67px&#8220; header_2_text_align=&#8220;center&#8220; header_2_font_size=&#8220;50px&#8220; text_orientation=&#8220;center&#8220;]<\/p>\n<h2><em><strong>Warum hat die Vermittlung durch\u00a0<\/strong><\/em><\/h2>\n<h2><em><strong><span style=\"color: #962f34;\">AC Marketing <\/span><\/strong><\/em><em><strong>einen Wert<\/strong><\/em><\/h2>\n<p>[\/et_pb_text][\/et_pb_column][\/et_pb_row][et_pb_row column_structure=&#8220;1_2,1_2&#8243; admin_label=&#8220;Riga&#8220; _builder_version=&#8220;4.4.8&#8243; collapsed=&#8220;off&#8220;][et_pb_column type=&#8220;1_2&#8243; _builder_version=&#8220;4.4.8&#8243;][et_pb_blurb use_icon=&#8220;on&#8220; font_icon=&#8220;%%24%%&#8220; icon_color=&#8220;#333333&#8243; use_circle=&#8220;on&#8220; circle_color=&#8220;#f6f6f6&#8243; icon_placement=&#8220;left&#8220; use_icon_font_size=&#8220;on&#8220; icon_font_size=&#8220;41px&#8220; _builder_version=&#8220;4.4.8&#8243; body_font=&#8220;Montserrat|300|||||||&#8220; body_font_size=&#8220;20px&#8220;]<\/p>\n<p class=\"p1\">Wir verschwenden nicht Ihre Zeit: Wir f\u00fchren eine Vorabanalyse des Product-Market Fit durch. Auf diese Weise w\u00e4hlen wir nur die f\u00fcr den jeweiligen Markt am besten geeigneten Weine aus und bieten diese an.<\/p>\n<p>[\/et_pb_blurb][et_pb_blurb use_icon=&#8220;on&#8220; font_icon=&#8220;%%24%%&#8220; icon_color=&#8220;#333333&#8243; use_circle=&#8220;on&#8220; circle_color=&#8220;#f6f6f6&#8243; icon_placement=&#8220;left&#8220; use_icon_font_size=&#8220;on&#8220; icon_font_size=&#8220;41px&#8220; _builder_version=&#8220;4.4.8&#8243; body_font=&#8220;Montserrat|300|||||||&#8220; body_font_size=&#8220;20px&#8220;]<\/p>\n<p class=\"p1\">Wir sind loyal: Wir sind in der Lage, Beziehungen mit Importeuren auf demselben Markt zu f\u00fchren und gleichzeitig bei den verschiedenen Handelsstrategien ein H\u00f6chstma\u00df an Vertraulichkeit und Diskretion zu gew\u00e4hrleisten<\/p>\n<p>[\/et_pb_blurb][\/et_pb_column][et_pb_column type=&#8220;1_2&#8243; _builder_version=&#8220;4.4.8&#8243;][et_pb_blurb use_icon=&#8220;on&#8220; font_icon=&#8220;%%24%%&#8220; icon_color=&#8220;#333333&#8243; use_circle=&#8220;on&#8220; circle_color=&#8220;#f6f6f6&#8243; icon_placement=&#8220;left&#8220; use_icon_font_size=&#8220;on&#8220; icon_font_size=&#8220;41px&#8220; _builder_version=&#8220;4.4.8&#8243; body_font=&#8220;Montserrat|300|||||||&#8220; body_font_size=&#8220;20px&#8220;]<\/p>\n<p class=\"p1\">Wir sind ein Garant f\u00fcr Zuverl\u00e4ssigkeit: Wir bringen die Exportkultur, sowie die Kultur der Distribution auf dem Territorium zu unseren Weing\u00fctern und helfen ihnen, einen effizienten und zuverl\u00e4ssigen Service zu bieten, der den Grundstein f\u00fcr profitable und dauerhafte Gesch\u00e4ftsbeziehungen legt<\/p>\n<p>[\/et_pb_blurb][\/et_pb_column][\/et_pb_row][\/et_pb_section][et_pb_section fb_built=&#8220;1&#8243; disabled_on=&#8220;on|on|on&#8220; admin_label=&#8220;Dna cantine&#8220; _builder_version=&#8220;4.4.8&#8243; custom_padding=&#8220;40px||40px||false|false&#8220; disabled=&#8220;on&#8220; collapsed=&#8220;on&#8220;][et_pb_row module_class=&#8220;not-do&#8220; _builder_version=&#8220;4.4.8&#8243; collapsed=&#8220;on&#8220;][et_pb_column type=&#8220;4_4&#8243; _builder_version=&#8220;4.4.8&#8243;][et_pb_text admin_label=&#8220;H2 &#8211; Dna cantine alto potenziale&#8220; _builder_version=&#8220;4.4.8&#8243; text_font=&#8220;Playfair Display||||||||&#8220; text_text_color=&#8220;#333333&#8243; text_line_height=&#8220;67px&#8220; header_2_text_align=&#8220;center&#8220; header_2_font_size=&#8220;50px&#8220; text_orientation=&#8220;center&#8220;]<\/p>\n<h2><em><strong>Il DNA delle cantine <\/strong><\/em><\/h2>\n<h2><em><strong><span style=\"color: #962f34;\">ad alto potenziale<\/span><\/strong><\/em><\/h2>\n<p>[\/et_pb_text][et_pb_blurb title=&#8220;MARKETING MIX&#8220; icon_placement=&#8220;left&#8220; _builder_version=&#8220;4.4.8&#8243; header_font=&#8220;Montserrat|300|||||||&#8220; header_text_align=&#8220;center&#8220; header_text_color=&#8220;#943036&#8243; header_font_size=&#8220;20px&#8220; header_line_height=&#8220;30px&#8220; body_font=&#8220;Montserrat|300|||||||&#8220; body_font_size=&#8220;20px&#8220; text_orientation=&#8220;center&#8220;]<\/p>\n<p>Non si accontentano di avere una storia, ma trovano il modo migliore di narrarla tramite gli elementi del marketing mix.<\/p>\n<p>[\/et_pb_blurb][et_pb_blurb title=&#8220;UNICITA'&#8220; icon_placement=&#8220;left&#8220; _builder_version=&#8220;4.4.8&#8243; header_font=&#8220;Montserrat|300|||||||&#8220; header_text_align=&#8220;center&#8220; header_text_color=&#8220;#943036&#8243; header_font_size=&#8220;20px&#8220; header_line_height=&#8220;30px&#8220; body_font=&#8220;Montserrat|300|||||||&#8220; body_font_size=&#8220;20px&#8220; text_orientation=&#8220;center&#8220;]<\/p>\n<p>Esaltano le peculiarit\u00e0 che rendono unici i loro vini e le loro denominazioni.<\/p>\n<p>[\/et_pb_blurb][et_pb_blurb title=&#8220;FIDUCIA&#8220; icon_placement=&#8220;left&#8220; _builder_version=&#8220;4.4.8&#8243; header_font=&#8220;Montserrat|300|||||||&#8220; header_text_align=&#8220;center&#8220; header_text_color=&#8220;#943036&#8243; header_font_size=&#8220;20px&#8220; header_line_height=&#8220;30px&#8220; body_font=&#8220;Montserrat|300|||||||&#8220; body_font_size=&#8220;20px&#8220; text_orientation=&#8220;center&#8220;]<\/p>\n<p>Si impegnano in rapporti duraturi con pochi e selezionati distributori e importatori, al fine di stringere partnership strategiche finalizzate allo sviluppo dei rispettivi mercati<\/p>\n<p>[\/et_pb_blurb][et_pb_image src=&#8220;https:\/\/acmarketingtrade.com\/wp-content\/uploads\/2021\/12\/Contatti-scaled.jpeg&#8220; title_text=&#8220;Contatti&#8220; _builder_version=&#8220;4.4.8&#8243; custom_margin=&#8220;80px||||false|false&#8220;][\/et_pb_image][\/et_pb_column][\/et_pb_row][\/et_pb_section][et_pb_section fb_built=&#8220;1&#8243; admin_label=&#8220;Dicono di noi&#8220; _builder_version=&#8220;4.4.8&#8243; custom_padding=&#8220;20px||||false|false&#8220; collapsed=&#8220;off&#8220;][et_pb_row admin_label=&#8220;Riga&#8220; _builder_version=&#8220;4.4.8&#8243; collapsed=&#8220;off&#8220;][et_pb_column type=&#8220;4_4&#8243; _builder_version=&#8220;4.4.8&#8243;][et_pb_text admin_label=&#8220;H2 &#8211; Il valore&#8220; _builder_version=&#8220;4.4.8&#8243; text_font=&#8220;Playfair Display||||||||&#8220; text_text_color=&#8220;#333333&#8243; text_line_height=&#8220;67px&#8220; header_line_height=&#8220;30px&#8220; header_2_text_align=&#8220;center&#8220; header_2_font_size=&#8220;50px&#8220; header_2_line_height=&#8220;67px&#8220; text_orientation=&#8220;center&#8220; hover_enabled=&#8220;0&#8243;]<\/p>\n<h2><em><strong>Das sagen unsere Partner <span style=\"color: #962f34;\">\u00fcber uns\u00a0<\/span><\/strong><\/em><\/h2>\n<p>[\/et_pb_text][et_pb_slider dot_nav_custom_color=&#8220;#943036&#8243; _builder_version=&#8220;4.4.8&#8243; body_text_color=&#8220;#333333&#8243; background_color=&#8220;rgba(0,0,0,0)&#8220; custom_css_main_element=&#8220;padding-bottom: 0px;&#8220; custom_css_slide_description=&#8220;padding: 20px 20px 100px 20px;&#8220; custom_css_slide_title=&#8220;display: none;&#8220;][et_pb_slide heading=&#8220;bart rogier&#8220; _builder_version=&#8220;4.4.8&#8243;]<\/p>\n<p class=\"p1\"><em><span class=\"s1\">\u201cI came into contact with Andrea through my inquiry for a new partnership with a winery in Sicily. Because the Belgian market is very complicated, many problems arose, but Andrea managed to solve them all and find a good commercial and human equilibrium to satisfy both the producer and the importers. And that&#8217;s what he does\u2026 strive for a win\/win situation for all stakeholders. In addition, the wineries he works with are of a high quality level. A.C. Marketing &#038; Trade is a great example of professionalism and efficiency! \u201d<\/span><\/em><\/p>\n<p style=\"font-family: MONTSERRAT; font-size: 18px; text-transform: UPPERCASE;\">&#8211; BART ROGIER, OWNER, CHATEAUX VINI, BELGIUM<\/p>\n<p>[\/et_pb_slide][et_pb_slide heading=&#8220;van de graaf&#8220; _builder_version=&#8220;4.4.8&#8243;]<\/p>\n<p class=\"p1\"><em><span class=\"s1\">\u201cA.C. Marketing &#038; Trade owned by the gracious Andrea Carpi, the Italian gentlemen in optima forma, and his team are for our company already a partner for a long time. In this long period business became friendship. We already shared a lot of amazing bottles. Andrea has great modern wineries with classic wines in its portfolio and takes care of their export. In case of questions and problems he is taking perfect care of the customers. The company is a star in precision and we appreciate that a lot. We hope we can do business for a long time and expand our portfolio in volume and references.\u201d<\/span><\/em><\/p>\n<p style=\"font-family: MONTSERRAT; font-size: 18px; text-transform: UPPERCASE;\">&#8211; SJAAK VAN DE GRAAF, GENERAL MANAGER, NEERLANDS WIJNHUIS, HOLLAND<\/p>\n<p>[\/et_pb_slide][et_pb_slide heading=&#8220;dimitri pinsky&#8220; _builder_version=&#8220;4.4.8&#8243;]<\/p>\n<p class=\"p1\"><em><span class=\"s1\">\u201cWe have known Mr. Andrea Carpi\u2019s company for a long time and have been working with him since 2007. He has kindly offered us wide range of wines of excellent quality-price ratio. During that period, many things happened on the Russian wine market, many complications occurred. In these situations, Andrea always served as an ideal connecting link between us and the producers. In one hand he was providing absolutely clear details regarding our market to wineries for better understanding situation, and we had all kind of support and assistance we needed. We acknowledge Andrea\u2019 and his team high professionalism, as well as excellent negotiation skills, always bringing us benefits.&#8220;<\/span><\/em><\/p>\n<p style=\"font-family: MONTSERRAT; font-size: 18px; text-transform: UPPERCASE;\">&#8211; DMITRY PINSKI, PRESIDENT, DP-TRADE, RUSSIA<\/p>\n<p>[\/et_pb_slide][\/et_pb_slider][\/et_pb_column][\/et_pb_row][\/et_pb_section][et_pb_section fb_built=&#8220;1&#8243; admin_label=&#8220;Racconta&#8220; _builder_version=&#8220;4.4.8&#8243; custom_padding=&#8220;20px||20px||false|false&#8220; collapsed=&#8220;off&#8220;][et_pb_row column_structure=&#8220;1_2,1_2&#8243; admin_label=&#8220;Contattaci &#8211; global&#8220; _builder_version=&#8220;4.4.8&#8243;][et_pb_column type=&#8220;1_2&#8243; _builder_version=&#8220;4.4.8&#8243;][et_pb_image title_text=&#8220;Italia_ilvaloredelladifferenziazione&#8220; align=&#8220;center&#8220; _builder_version=&#8220;4.4.8&#8243; background_image=&#8220;https:\/\/acmarketingtrade.com\/wp-content\/uploads\/2021\/12\/Italia_ilvaloredelladifferenziazione-1-scaled.jpeg&#8220; custom_padding=&#8220;||70%||false|false&#8220;][\/et_pb_image][\/et_pb_column][et_pb_column type=&#8220;1_2&#8243; _builder_version=&#8220;4.4.8&#8243;][et_pb_text admin_label=&#8220;H2 &#8211; La nostra mission&#8220; _builder_version=&#8220;4.4.8&#8243; text_font=&#8220;Playfair Display||||||||&#8220; text_text_color=&#8220;#333333&#8243; text_line_height=&#8220;67px&#8220; header_text_align=&#8220;left&#8220; header_2_text_align=&#8220;left&#8220; header_2_font_size=&#8220;50px&#8220; text_orientation=&#8220;center&#8220; hover_enabled=&#8220;0&#8243; header_2_text_align_tablet=&#8220;center&#8220; header_2_text_align_phone=&#8220;&#8220; header_2_text_align_last_edited=&#8220;on|tablet&#8220;]<\/p>\n<h2><em><strong>Erz\u00e4hlen Sie uns von <span style=\"color: #962f34;\">Ihrem Projekt<\/span><\/strong><\/em><\/h2>\n<p>[\/et_pb_text][et_pb_text _builder_version=&#8220;4.4.8&#8243; text_font=&#8220;Montserrat|300|||||||&#8220; text_text_color=&#8220;#333333&#8243; text_font_size=&#8220;20px&#8220; text_line_height=&#8220;30px&#8220; hover_enabled=&#8220;0&#8243; text_orientation_tablet=&#8220;center&#8220; text_orientation_phone=&#8220;&#8220; text_orientation_last_edited=&#8220;on|tablet&#8220;]<\/p>\n<p>Wein ist unsere Leidenschaft. Wir lieben Herausforderungen und keine Sprachbarriere stellt sich uns in den Weg.<\/p>\n<p>[\/et_pb_text][et_pb_cta button_url=&#8220;@ET-DC@eyJkeW5hbWljIjp0cnVlLCJjb250ZW50IjoicG9zdF9saW5rX3VybF9wYWdlIiwic2V0dGluZ3MiOnsicG9zdF9pZCI6IjIyNjA1OSJ9fQ==@&#8220; button_text=&#8220;KONTAKTIEREN SIE UNS &#8220; _builder_version=&#8220;4.4.8&#8243; _dynamic_attributes=&#8220;button_url&#8220; background_color=&#8220;rgba(0,0,0,0)&#8220; custom_button=&#8220;on&#8220; button_text_color=&#8220;#943036&#8243; button_bg_color=&#8220;#F6F6F6&#8243; button_border_width=&#8220;0px&#8220; button_border_radius=&#8220;0px&#8220; button_letter_spacing=&#8220;4px&#8220; button_font=&#8220;Montserrat|600|||||||&#8220; button_use_icon=&#8220;off&#8220; button_alignment=&#8220;left&#8220; button_custom_padding=&#8220;13px|56px|13px|56px|true|true&#8220; custom_margin=&#8220;0px||||false|false&#8220; custom_padding=&#8220;0px|0px|0px|0px|false|false&#8220; hover_enabled=&#8220;0&#8243; button_alignment_tablet=&#8220;center&#8220; button_alignment_phone=&#8220;&#8220; button_alignment_last_edited=&#8220;on|tablet&#8220; button_text_color__hover_enabled=&#8220;on|hover&#8220; button_text_color__hover=&#8220;#ffffff&#8220; button_bg_color__hover_enabled=&#8220;on|hover&#8220; button_bg_color__hover=&#8220;#943036&#8243; button_bg_enable_color__hover=&#8220;on&#8220;][\/et_pb_cta][\/et_pb_column][\/et_pb_row][\/et_pb_section]<\/p>\n","protected":false},"excerpt":{"rendered":"<p>Wir f\u00f6rdern italienischen Weinmit hohem PotentialAC Marketing hilft Fachh\u00e4ndlern, Gro\u00dfh\u00e4ndlern und Importeuren weltweit, profitable Gesch\u00e4ftsbeziehungen zu italienischen Weinbaubetrieben mit hohem PotenzialIn Italia ci sono circa 310.000 aziende vitivinicole. Quelle \u201cad alto potenziale\u201d possiedono elevati valori inespressi sui mercati esteri. L\u2019obiettivo di AC Marketing \u00e8 di aiutare le aziende a comunicare in modo vincente il territorio, [&hellip;]<\/p>\n","protected":false},"author":2,"featured_media":0,"parent":0,"menu_order":0,"comment_status":"closed","ping_status":"closed","template":"","meta":{"_et_pb_use_builder":"on","_et_pb_old_content":"","_et_gb_content_width":"","footnotes":""},"class_list":["post-227341","page","type-page","status-publish","hentry"],"_links":{"self":[{"href":"https:\/\/acmarketingtrade.com\/de\/wp-json\/wp\/v2\/pages\/227341","targetHints":{"allow":["GET"]}}],"collection":[{"href":"https:\/\/acmarketingtrade.com\/de\/wp-json\/wp\/v2\/pages"}],"about":[{"href":"https:\/\/acmarketingtrade.com\/de\/wp-json\/wp\/v2\/types\/page"}],"author":[{"embeddable":true,"href":"https:\/\/acmarketingtrade.com\/de\/wp-json\/wp\/v2\/users\/2"}],"replies":[{"embeddable":true,"href":"https:\/\/acmarketingtrade.com\/de\/wp-json\/wp\/v2\/comments?post=227341"}],"version-history":[{"count":0,"href":"https:\/\/acmarketingtrade.com\/de\/wp-json\/wp\/v2\/pages\/227341\/revisions"}],"wp:attachment":[{"href":"https:\/\/acmarketingtrade.com\/de\/wp-json\/wp\/v2\/media?parent=227341"}],"curies":[{"name":"wp","href":"https:\/\/api.w.org\/{rel}","templated":true}]}}